{"id":315,"date":"2016-07-19T16:50:56","date_gmt":"2016-07-19T15:50:56","guid":{"rendered":"http:\/\/bioresonanca-movita.si\/?page_id=315&#038;lang=it"},"modified":"2022-08-07T09:53:58","modified_gmt":"2022-08-07T08:53:58","slug":"cose-la-terapia-di-biorisonanza-bicom","status":"publish","type":"page","link":"https:\/\/bioresonanca-movita.si\/it\/cose-la-terapia-di-biorisonanza-bicom\/","title":{"rendered":"Cos\u2019\u00e8 la terapia di biorisonanza BICOM?"},"content":{"rendered":"<p>[et_pb_section fb_built=&#8221;1&#8243; fullwidth=&#8221;on&#8221; admin_label=&#8221;Section&#8221; _builder_version=&#8221;4.16&#8243; global_colors_info=&#8221;{}&#8221;][et_pb_fullwidth_code admin_label=&#8221;Fullwidth Code&#8221; _builder_version=&#8221;4.17.6&#8243; hover_enabled=&#8221;0&#8243; global_colors_info=&#8221;{}&#8221; sticky_enabled=&#8221;0&#8243;]<\/p>\n<div style=\"width:100%; height:25px; background: #0094ce; background: -moz-linear-gradient(left, #0094ce 0%, #00b4d3 35%, #c9f2fc 50%, #00b4d3 65%, #0094ce 100%); background: -webkit-linear-gradient(left, #0094ce 0%,#00b4d3 35%,#c9f2fc 50%,#00b4d3 65%,#0094ce 100%); background: linear-gradient(to right, #0094ce 0%,#00b4d3 35%,#c9f2fc 50%,#00b4d3 65%,#0094ce 100%); filter: progid:DXImageTransform.Microsoft.gradient( startColorstr='#0094ce', endColorstr='#0094ce',GradientType=1 ); \"><\/div>\n<p>[\/et_pb_fullwidth_code][\/et_pb_section][et_pb_section fb_built=&#8221;1&#8243; custom_padding_last_edited=&#8221;on|desktop&#8221; admin_label=&#8221;section&#8221; _builder_version=&#8221;4.16&#8243; background_color=&#8221;#ffffff&#8221; custom_padding=&#8221;0px|0px|0px|0px&#8221; custom_padding_tablet=&#8221;50px|0|50px|0&#8243; transparent_background=&#8221;off&#8221; padding_mobile=&#8221;off&#8221; make_fullwidth=&#8221;off&#8221; use_custom_width=&#8221;off&#8221; width_unit=&#8221;on&#8221; global_colors_info=&#8221;{}&#8221; custom_padding_phone=&#8221;50px|0|50px|0&#8243;][et_pb_row admin_label=&#8221;row&#8221; _builder_version=&#8221;4.16&#8243; background_size=&#8221;initial&#8221; background_position=&#8221;top_left&#8221; background_repeat=&#8221;repeat&#8221; global_colors_info=&#8221;{}&#8221;][et_pb_column type=&#8221;4_4&#8243; _builder_version=&#8221;4.16&#8243; custom_padding=&#8221;|||&#8221; global_colors_info=&#8221;{}&#8221; custom_padding__hover=&#8221;|||&#8221;][et_pb_post_title meta=&#8221;off&#8221; featured_image=&#8221;off&#8221; admin_label=&#8221;Post Title&#8221; _builder_version=&#8221;4.16&#8243; title_text_color=&#8221;#0094ce&#8221; title_font_size=&#8221;32px&#8221; title_all_caps=&#8221;off&#8221; background_color=&#8221;rgba(255,255,255,0)&#8221; parallax=&#8221;on&#8221; parallax_method=&#8221;off&#8221; parallax_effect=&#8221;on&#8221; module_bg_color=&#8221;rgba(255,255,255,0)&#8221; use_border_color=&#8221;off&#8221; border_color=&#8221;#ffffff&#8221; border_style=&#8221;solid&#8221; global_colors_info=&#8221;{}&#8221;] [\/et_pb_post_title][et_pb_text admin_label=&#8221;Text&#8221; _builder_version=&#8221;4.16&#8243; background_size=&#8221;initial&#8221; background_position=&#8221;top_left&#8221; background_repeat=&#8221;repeat&#8221; use_border_color=&#8221;off&#8221; border_color=&#8221;#ffffff&#8221; border_style=&#8221;solid&#8221; global_colors_info=&#8221;{}&#8221;]<img loading=\"lazy\" decoding=\"async\" class=\"alignleft wp-image-116\" src=\"https:\/\/bioresonanca-movita.si\/wp-content\/uploads\/2016\/04\/prva_bio-300x247.jpg\" alt=\"prva_bio\" width=\"150\" height=\"124\" srcset=\"https:\/\/bioresonanca-movita.si\/wp-content\/uploads\/2016\/04\/prva_bio-300x247.jpg 300w, https:\/\/bioresonanca-movita.si\/wp-content\/uploads\/2016\/04\/prva_bio.jpg 374w\" sizes=\"auto, (max-width: 150px) 100vw, 150px\" \/>La terapia di biorisonanza BICOM \u00e8 uno speciale metodo diagnostico e terapeutico, le cui basi si fondano sulle scoperte della biofisica e della meccanica quantistica, secondo le quali l&#8217;energia \u00e8 la base di tutto, la materia invece nient\u2019altro che l\u2019energia concentrata. Ogni materia, cos\u00ec come ogni cellula, tessuto e organo irradiano l\u2019energia con una specifica lunghezza d&#8217;onda o frequenza con le proprie caratteristiche (modello di frequenza).<\/p>\n<p>Il corpo pu\u00f2 funzionare solo se le cellule comunicano fra loro ovvero scambiano le informazioni su delle frequenze specifiche. In un corpo sano, lo scambio procede senza ostacoli. Se il corpo \u00e8 esposto a sostanze nocive (tossine dall\u2019ambiente, virus, batteri, additivi chimici negli alimenti e bevande, farmaci, stress, \u2026) o alle radiazioni dannose, i loro modelli di frequenza negativi possono disturbare la comunicazione fra le cellule e quindi la loro funzione, il che inizialmente si manifesta sotto forma di disturbi vaghi e ipersensibilit\u00e0, riduzione delle prestazioni, stanchezza cronica, pi\u00f9 avanti invece gi\u00e0 come cambiamenti organici con diversi tipi di sintomi.<\/p>\n<p><img loading=\"lazy\" decoding=\"async\" class=\"alignleft wp-image-117\" src=\"https:\/\/bioresonanca-movita.si\/wp-content\/uploads\/2016\/04\/druga_bio-300x239.jpg\" alt=\"druga_bio\" width=\"150\" height=\"120\" srcset=\"https:\/\/bioresonanca-movita.si\/wp-content\/uploads\/2016\/04\/druga_bio-300x239.jpg 300w, https:\/\/bioresonanca-movita.si\/wp-content\/uploads\/2016\/04\/druga_bio.jpg 374w\" sizes=\"auto, (max-width: 150px) 100vw, 150px\" \/>Con l\u2019aiuto del dispositivo BICOM prima scopriamo quali sono i carichi che causano la malattia, in seguito catturiamo il modello di frequenza molestante del paziente che il dispositivo poi trasforma in modello di frequenza terapeutico e lo ritorna nel corpo. Cos\u00ec possiamo ridurre i modelli di frequenza gravosi e superare il disturbo basico nel corpo. Le sostanze nocive vengono liberate ed eliminate dal corpo. Viene cos\u00ec stabilita l\u2019autoregolazione.<\/p>\n<p>&nbsp;<\/p>\n<p><p>Invalid Displayed Gallery<\/p><br \/>\n[\/et_pb_text][\/et_pb_column][\/et_pb_row][\/et_pb_section]<\/p>\n","protected":false},"excerpt":{"rendered":"<p>La terapia di biorisonanza BICOM \u00e8 uno speciale metodo diagnostico e terapeutico, le cui basi si fondano sulle scoperte della biofisica e della meccanica quantistica, secondo le quali l&#8217;energia \u00e8 la base di tutto, la materia invece nient\u2019altro che l\u2019energia concentrata. Ogni materia, cos\u00ec come ogni cellula, tessuto e organo irradiano l\u2019energia con una specifica [&hellip;]<\/p>\n","protected":false},"author":1,"featured_media":0,"parent":0,"menu_order":0,"comment_status":"closed","ping_status":"closed","template":"","meta":{"_et_pb_use_builder":"on","_et_pb_old_content":"<p><img class=\"alignleft wp-image-116\" src=\"http:\/\/bioresonanca-movita.si\/wp-content\/uploads\/2016\/04\/prva_bio-300x247.jpg\" alt=\"prva_bio\" width=\"150\" height=\"124\" \/>BICOM bioresonan\u010dna terapija je poseben diagnosti\u010dni in terapevtski postopek, ki temelji na spoznanjih biofizike in kvantne mehanike, po katerih je energija osnova vsega, materija pa je le zgo\u0161\u010dena energija. Vsaka snov, tako tudi vsaka celica, tkivo, organ oddajajo energijo, ki ima to\u010dno dolo\u010deno specifi\u010dno valovno dol\u017eino ali frekvenco z lastnimi zna\u010dilnostmi (frekven\u010dni vzorec).<\/p><p>Telo lahko deluje le tako, da celice med seboj komunicirajo oz. izmenjujejo informacije preko to\u010dno dolo\u010denih frekvenc. V zdravem telesu te\u010de izmenjava informacij neovirano. \u010ce na telo delujejo \u0161kodljive snovi (strupi iz okolja, virusi, bakterije,kemi\u010dni dodatki iz hrane in pija\u010d, zdravila, stres,\u2026) ali obremenjujo\u010da sevanja, lahko njihovi obremenilni frekven\u010dni vzorci ovirajo komunikacijo med celicami in s tem tudi delovanje celic, kar se sprva ka\u017ee v obliki nejasnih in preob\u010dutljivostnih motenj, zmanj\u0161ani zmogljivosti, kroni\u010dni utrujenosti, pozneje pa \u017ee kot organske spremembe z razli\u010dnimi simptomi.<\/p><p><img class=\"alignleft wp-image-117\" src=\"http:\/\/bioresonanca-movita.si\/wp-content\/uploads\/2016\/04\/druga_bio-300x239.jpg\" alt=\"druga_bio\" width=\"150\" height=\"120\" \/>S pomo\u010djo naprave BICOM najprej ugotovimo katere obremenitve povzro\u010dajo bolezen, nato zajamemo bolnikov motilni frekven\u010dni vzorec, le tega naprava spremeni v terapevtski frekven\u010dni vzorec in ga vrne v telo. Tako lahko zmanj\u0161amo obremenjujo\u010de frekven\u010dne vzorce in premagamo osnovno motnjo v telesu. Obremenjujo\u010de snovi se sprostijo in izlo\u010dijo iz telesa. Vzpostavi se samozdravljenje.<\/p>","_et_gb_content_width":"","ngg_post_thumbnail":0,"footnotes":""},"class_list":["post-315","page","type-page","status-publish","hentry"],"aioseo_notices":[],"_links":{"self":[{"href":"https:\/\/bioresonanca-movita.si\/it\/wp-json\/wp\/v2\/pages\/315","targetHints":{"allow":["GET"]}}],"collection":[{"href":"https:\/\/bioresonanca-movita.si\/it\/wp-json\/wp\/v2\/pages"}],"about":[{"href":"https:\/\/bioresonanca-movita.si\/it\/wp-json\/wp\/v2\/types\/page"}],"author":[{"embeddable":true,"href":"https:\/\/bioresonanca-movita.si\/it\/wp-json\/wp\/v2\/users\/1"}],"replies":[{"embeddable":true,"href":"https:\/\/bioresonanca-movita.si\/it\/wp-json\/wp\/v2\/comments?post=315"}],"version-history":[{"count":5,"href":"https:\/\/bioresonanca-movita.si\/it\/wp-json\/wp\/v2\/pages\/315\/revisions"}],"predecessor-version":[{"id":484,"href":"https:\/\/bioresonanca-movita.si\/it\/wp-json\/wp\/v2\/pages\/315\/revisions\/484"}],"wp:attachment":[{"href":"https:\/\/bioresonanca-movita.si\/it\/wp-json\/wp\/v2\/media?parent=315"}],"curies":[{"name":"wp","href":"https:\/\/api.w.org\/{rel}","templated":true}]}}