{"id":322,"date":"2016-07-19T16:57:51","date_gmt":"2016-07-19T15:57:51","guid":{"rendered":"http:\/\/bioresonanca-movita.si\/?page_id=322&#038;lang=it"},"modified":"2022-08-07T09:54:14","modified_gmt":"2022-08-07T08:54:14","slug":"cosa-possiamo-fare-da-soli","status":"publish","type":"page","link":"https:\/\/bioresonanca-movita.si\/it\/cosa-possiamo-fare-da-soli\/","title":{"rendered":"Cosa possiamo fare da soli?"},"content":{"rendered":"<p>[et_pb_section fb_built=&#8221;1&#8243; fullwidth=&#8221;on&#8221; admin_label=&#8221;Section&#8221; _builder_version=&#8221;4.16&#8243; global_colors_info=&#8221;{}&#8221;][et_pb_fullwidth_code admin_label=&#8221;Fullwidth Code&#8221; _builder_version=&#8221;4.17.6&#8243; hover_enabled=&#8221;0&#8243; global_colors_info=&#8221;{}&#8221; sticky_enabled=&#8221;0&#8243;]<\/p>\n<div style=\"width:100%; height:25px; background: #0094ce; background: -moz-linear-gradient(left, #0094ce 0%, #00b4d3 35%, #c9f2fc 50%, #00b4d3 65%, #0094ce 100%); background: -webkit-linear-gradient(left, #0094ce 0%,#00b4d3 35%,#c9f2fc 50%,#00b4d3 65%,#0094ce 100%); background: linear-gradient(to right, #0094ce 0%,#00b4d3 35%,#c9f2fc 50%,#00b4d3 65%,#0094ce 100%); filter: progid:DXImageTransform.Microsoft.gradient( startColorstr='#0094ce', endColorstr='#0094ce',GradientType=1 ); \"><\/div>\n<p>[\/et_pb_fullwidth_code][\/et_pb_section][et_pb_section fb_built=&#8221;1&#8243; custom_padding_last_edited=&#8221;on|desktop&#8221; admin_label=&#8221;section&#8221; _builder_version=&#8221;4.16&#8243; background_color=&#8221;#ffffff&#8221; custom_padding=&#8221;0px|0px|0px|0px&#8221; custom_padding_tablet=&#8221;50px|0|50px|0&#8243; transparent_background=&#8221;off&#8221; padding_mobile=&#8221;off&#8221; make_fullwidth=&#8221;off&#8221; use_custom_width=&#8221;off&#8221; width_unit=&#8221;on&#8221; global_colors_info=&#8221;{}&#8221; custom_padding_phone=&#8221;50px|0|50px|0&#8243;][et_pb_row admin_label=&#8221;row&#8221; _builder_version=&#8221;4.16&#8243; background_size=&#8221;initial&#8221; background_position=&#8221;top_left&#8221; background_repeat=&#8221;repeat&#8221; global_colors_info=&#8221;{}&#8221;][et_pb_column type=&#8221;4_4&#8243; _builder_version=&#8221;4.16&#8243; custom_padding=&#8221;|||&#8221; global_colors_info=&#8221;{}&#8221; custom_padding__hover=&#8221;|||&#8221;][et_pb_post_title meta=&#8221;off&#8221; featured_image=&#8221;off&#8221; admin_label=&#8221;Post Title&#8221; _builder_version=&#8221;4.16&#8243; title_text_color=&#8221;#0094ce&#8221; title_font_size=&#8221;32px&#8221; title_all_caps=&#8221;off&#8221; background_color=&#8221;rgba(255,255,255,0)&#8221; parallax=&#8221;on&#8221; parallax_method=&#8221;off&#8221; parallax_effect=&#8221;on&#8221; module_bg_color=&#8221;rgba(255,255,255,0)&#8221; use_border_color=&#8221;off&#8221; border_color=&#8221;#ffffff&#8221; border_style=&#8221;solid&#8221; global_colors_info=&#8221;{}&#8221;] [\/et_pb_post_title][et_pb_text admin_label=&#8221;Text&#8221; _builder_version=&#8221;4.16&#8243; background_size=&#8221;initial&#8221; background_position=&#8221;top_left&#8221; background_repeat=&#8221;repeat&#8221; use_border_color=&#8221;off&#8221; border_color=&#8221;#ffffff&#8221; border_style=&#8221;solid&#8221; global_colors_info=&#8221;{}&#8221;]<\/p>\n<ul>\n<li>Durante la terapia si consiglia di non mangiare carne di maiale o salsicce, poich\u00e9 sovraccarica il sistema linfatico.<\/li>\n<li>Mangiare il meno zucchero possibile. Lo zucchero nuoce i batteri intestinali e favorisce le malattie legate all\u2019intestino.<\/li>\n<li>Evitare la farina bianca, additivi artificiali negli alimenti e l&#8217;uso di microonde.<\/li>\n<li>Durante la terapia bere molta acqua naturale, non minerale, almeno 2 litri al giorno! Solo l\u2019acqua povera di minerali pu\u00f2 legare a s\u00e9 le sostanze nocive che si liberano durante la terapia. L\u2019acqua naturale \u00e8 pertanto la bevanda ideale per la disintossicazione.<\/li>\n<li>Svolgere sufficiente attivit\u00e0 sportiva all\u2019aria aperta, dormire e rilassarsi abbastanza.<\/li>\n<li>\u00c8 inoltre importante avere un approccio positivo alla vita e il desiderio di guarire.<\/li>\n<li>Evitare caff\u00e8 e alcol almeno 6 ore prima e dopo la terapia!<\/li>\n<\/ul>\n<p>[\/et_pb_text][\/et_pb_column][\/et_pb_row][\/et_pb_section]<\/p>\n","protected":false},"excerpt":{"rendered":"<p>Durante la terapia si consiglia di non mangiare carne di maiale o salsicce, poich\u00e9 sovraccarica il sistema linfatico. Mangiare il meno zucchero possibile. Lo zucchero nuoce i batteri intestinali e favorisce le malattie legate all\u2019intestino. Evitare la farina bianca, additivi artificiali negli alimenti e l&#8217;uso di microonde. Durante la terapia bere molta acqua naturale, non [&hellip;]<\/p>\n","protected":false},"author":1,"featured_media":0,"parent":0,"menu_order":0,"comment_status":"closed","ping_status":"closed","template":"","meta":{"_et_pb_use_builder":"on","_et_pb_old_content":"<ul><li>Predlagamo, da med terapijo ne jeste svinjskega mesa ali klobas, kajti le ti obremenjujejo va\u0161 limfni sistem.<\/li><li>Jejte \u010dim manj sladkorja. Sladkor \u0161koduje \u010drevesnim bakterijam in podpira s \u010drevesjem povezane bolezni.<\/li><li>Izogibajte se beli moki, umetnim dodatkom v hrani in uporabi mikrovalovne pe\u010dice.<\/li><li>V \u010dasu terapije pijte veliko navadne, nemineralne vode, vsaj 2 litra na dan! Le z minerali revna voda lahko ve\u017ee\u00a0nase \u0161kodljive snovi, ki se spro\u0161\u010dajo med terapijo. Zato je navadna voda idealna pija\u010da za razstrupljanje.<\/li><li>Poskrbite za gibanje na sve\u017eem zraku, zadostno spanje in sprostitev.<\/li><li>Pomemben je tudi pozitiven odnos do \u017eivljenja in \u017eelja po ozdravitvi.<\/li><li>Vsaj 6 ur pred in po terapiji se morate odre\u010di kavi in alkoholu!<\/li><\/ul>","_et_gb_content_width":"","ngg_post_thumbnail":0,"footnotes":""},"class_list":["post-322","page","type-page","status-publish","hentry"],"aioseo_notices":[],"_links":{"self":[{"href":"https:\/\/bioresonanca-movita.si\/it\/wp-json\/wp\/v2\/pages\/322","targetHints":{"allow":["GET"]}}],"collection":[{"href":"https:\/\/bioresonanca-movita.si\/it\/wp-json\/wp\/v2\/pages"}],"about":[{"href":"https:\/\/bioresonanca-movita.si\/it\/wp-json\/wp\/v2\/types\/page"}],"author":[{"embeddable":true,"href":"https:\/\/bioresonanca-movita.si\/it\/wp-json\/wp\/v2\/users\/1"}],"replies":[{"embeddable":true,"href":"https:\/\/bioresonanca-movita.si\/it\/wp-json\/wp\/v2\/comments?post=322"}],"version-history":[{"count":3,"href":"https:\/\/bioresonanca-movita.si\/it\/wp-json\/wp\/v2\/pages\/322\/revisions"}],"predecessor-version":[{"id":487,"href":"https:\/\/bioresonanca-movita.si\/it\/wp-json\/wp\/v2\/pages\/322\/revisions\/487"}],"wp:attachment":[{"href":"https:\/\/bioresonanca-movita.si\/it\/wp-json\/wp\/v2\/media?parent=322"}],"curies":[{"name":"wp","href":"https:\/\/api.w.org\/{rel}","templated":true}]}}