{"id":327,"date":"2016-07-19T17:01:17","date_gmt":"2016-07-19T16:01:17","guid":{"rendered":"http:\/\/bioresonanca-movita.si\/?page_id=327&#038;lang=it"},"modified":"2022-08-07T09:55:34","modified_gmt":"2022-08-07T08:55:34","slug":"smettere-di-fumare","status":"publish","type":"page","link":"https:\/\/bioresonanca-movita.si\/it\/smettere-di-fumare\/","title":{"rendered":"Smettere di fumare"},"content":{"rendered":"<p>[et_pb_section fb_built=&#8221;1&#8243; fullwidth=&#8221;on&#8221; admin_label=&#8221;Section&#8221; _builder_version=&#8221;4.16&#8243; global_colors_info=&#8221;{}&#8221;][et_pb_fullwidth_code admin_label=&#8221;Fullwidth Code&#8221; _builder_version=&#8221;4.17.6&#8243; hover_enabled=&#8221;0&#8243; global_colors_info=&#8221;{}&#8221; sticky_enabled=&#8221;0&#8243;]<\/p>\n<div style=\"width:100%; height:25px; background: #0094ce; background: -moz-linear-gradient(left, #0094ce 0%, #00b4d3 35%, #c9f2fc 50%, #00b4d3 65%, #0094ce 100%); background: -webkit-linear-gradient(left, #0094ce 0%,#00b4d3 35%,#c9f2fc 50%,#00b4d3 65%,#0094ce 100%); background: linear-gradient(to right, #0094ce 0%,#00b4d3 35%,#c9f2fc 50%,#00b4d3 65%,#0094ce 100%); filter: progid:DXImageTransform.Microsoft.gradient( startColorstr='#0094ce', endColorstr='#0094ce',GradientType=1 ); \"><\/div>\n<p>[\/et_pb_fullwidth_code][\/et_pb_section][et_pb_section fb_built=&#8221;1&#8243; custom_padding_last_edited=&#8221;on|desktop&#8221; admin_label=&#8221;section&#8221; _builder_version=&#8221;4.16&#8243; background_color=&#8221;#ffffff&#8221; custom_padding=&#8221;0px|0px|0px|0px&#8221; custom_padding_tablet=&#8221;50px|0|50px|0&#8243; transparent_background=&#8221;off&#8221; padding_mobile=&#8221;off&#8221; make_fullwidth=&#8221;off&#8221; use_custom_width=&#8221;off&#8221; width_unit=&#8221;on&#8221; global_colors_info=&#8221;{}&#8221; custom_padding_phone=&#8221;50px|0|50px|0&#8243;][et_pb_row admin_label=&#8221;row&#8221; _builder_version=&#8221;4.16&#8243; background_size=&#8221;initial&#8221; background_position=&#8221;top_left&#8221; background_repeat=&#8221;repeat&#8221; global_colors_info=&#8221;{}&#8221;][et_pb_column type=&#8221;4_4&#8243; _builder_version=&#8221;4.16&#8243; custom_padding=&#8221;|||&#8221; global_colors_info=&#8221;{}&#8221; custom_padding__hover=&#8221;|||&#8221;][et_pb_post_title meta=&#8221;off&#8221; featured_image=&#8221;off&#8221; admin_label=&#8221;Post Title&#8221; _builder_version=&#8221;4.16&#8243; title_text_color=&#8221;#0094ce&#8221; title_font_size=&#8221;32px&#8221; title_all_caps=&#8221;off&#8221; background_color=&#8221;rgba(255,255,255,0)&#8221; parallax=&#8221;on&#8221; parallax_method=&#8221;off&#8221; parallax_effect=&#8221;on&#8221; module_bg_color=&#8221;rgba(255,255,255,0)&#8221; use_border_color=&#8221;off&#8221; border_color=&#8221;#ffffff&#8221; border_style=&#8221;solid&#8221; global_colors_info=&#8221;{}&#8221;] [\/et_pb_post_title][et_pb_text admin_label=&#8221;Text&#8221; _builder_version=&#8221;4.16&#8243; background_size=&#8221;initial&#8221; background_position=&#8221;top_left&#8221; background_repeat=&#8221;repeat&#8221; use_border_color=&#8221;off&#8221; border_color=&#8221;#ffffff&#8221; border_style=&#8221;solid&#8221; global_colors_info=&#8221;{}&#8221;]<\/p>\n<h3>Hai deciso di smettere di fumare?<\/h3>\n<p>Sosteniamo pienamente la tua decisione e vogliamo aiutarti attraverso la terapia di biorisonanza.<\/p>\n<p>Il fumo provoca malattie cardio-vascolari, cancro al polmone e alla gola. \u00c8 noto che il fumo di tabacco contiene oltre 4.000 composti chimici, tra cui oltre 50 veleni cancerogeni e metabolici conosciuti. Questi si accumulano nei polmoni, passano nel sangue e attraverso la circolazione sanguigna si espandono alle altre parti del corpo. Detti composti, quindi, non danneggiano solo i polmoni e l\u2019apparato respiratorio ma praticamente ogni cellula del corpo umano.<\/p>\n<p>La decisione di smettere di fumare avr\u00e0 un impatto positivo sulla tua salute, sull\u2019aspetto fisico e il benessere, sull\u2019ambiente e le persone chi ti stanno intorno e, ultimo ma non meno importante, sul tuo portafoglio. Dopo che smetterai di fumare la tua salute migliorer\u00e0.<\/p>\n<p>Nella terapia per smettere di fumare \u00e8 di fondamentale importanza la tua collaborazione e la tua decisione seria di lasciare il tabacco.<\/p>\n<p>Lo scopo della terapia non \u00e8 solo smettere di fumare, ma anche disintossicare il corpo ed eliminarci la nicotina e altre sostanze nocive che si sono accumulate a causa del fumo. Al corpo bisogna dare la possibilit\u00e0 e il tempo di disintossicarsi, sostenendolo sia al livello fisico che psicologico. Preparati che probabilmente saranno necessarie tre o quattro sedute, anche se \u00e8 possibile che gi\u00e0 dopo la prima terapia non sentirai pi\u00f9 desiderio di una sigaretta.<\/p>\n<h3>Come si svolge la terapia per smettere di fumare?<\/h3>\n<p>Prima della terapia fumi solo la met\u00e0 della tua ultima sigaretta. Se hai fumato la tua ultima sigaretta a casa, devi portare con te alla terapia il mozzicone e la cenere che vengono inseriti nell\u2019apparecchio di biorisonanza. In questo modo riprendiamo il tuo modello di frequenza oltre all\u2019informazione del mozzicone e della nicotina. Al corpo invece ritorniamo l\u2019informazione che ne avvia la disintossicazione e di conseguenza elimina il desiderio e la necessit\u00e0 di fumare. Sebbene subito dopo la terapia non si provi niente di particolare, l\u2019effetto si sente molto presto. Il corpo non ha pi\u00f9 l\u2019informazione della nicotina, perci\u00f2 anche il desiderio di una sigaretta non c\u2019\u00e8 pi\u00f9.<\/p>\n<h3>Cosa possiamo fare da soli?<\/h3>\n<ul>\n<li>Bere almeno 2 litri di acqua naturale, per aiutare il corpo ad eliminare le tossine e la nicotina. Se dopo la terapia ti senti male, hai vertigini o sudi, questo \u00e8 il segno che la nicotina ha iniziato ad eliminarsi dal corpo. Puoi sostenerlo bevendo molta acqua.<\/li>\n<li>Mangiare soprattutto alimenti integrali, con un basso indice glicemico (evitare prodotti contenenti farina bianca e zucchero), per cercare di mantenere un livello stabile degli zuccheri nel sangue. Dopo l\u2019ingestione di alimenti con un alto indice glicemico aumenta la secrezione di insulina e di conseguenza si verifica una rapida diminuzione degli zuccheri nel sangue. Questo porta ad una sensazione di debolezza e tremore che pu\u00f2 risvegliare il desiderio di fumare.<\/li>\n<li>Ai fumatori viene di solito riscontrata la carenza di vitamina C, perci\u00f2 almeno per alcune settimane aumentare le dosi della vitamina attraverso gli integratori alimentari naturali e l\u2019alimentazione (kiwi, limone, arancia, peperoni).<\/li>\n<li>Controllare regolarmente il proprio peso. Le variazioni del peso corporeo tra 2-3 kg sono abbastanza normali. Se si nota un aumento di peso eccessivo, tornare da noi per verificare lo stato del metabolismo e stimolarlo.<\/li>\n<\/ul>\n<p>La terapia per smettere di fumare \u00e8 destinata ad un\u2019eliminazione totale del fumo e non solo alla riduzione del numero di sigarette fumate. Se dopo la prima terapia sentirai ancora il desiderio della sigaretta, non arrenderti. Ritorna per aumentare l\u2019eliminazione della nicotina.<\/p>\n<p>Non verificare il tuo desiderio fumando una sigaretta!<br \/>\n[\/et_pb_text][\/et_pb_column][\/et_pb_row][\/et_pb_section]<\/p>\n","protected":false},"excerpt":{"rendered":"<p>Hai deciso di smettere di fumare? Sosteniamo pienamente la tua decisione e vogliamo aiutarti attraverso la terapia di biorisonanza. Il fumo provoca malattie cardio-vascolari, cancro al polmone e alla gola. \u00c8 noto che il fumo di tabacco contiene oltre 4.000 composti chimici, tra cui oltre 50 veleni cancerogeni e metabolici conosciuti. Questi si accumulano nei [&hellip;]<\/p>\n","protected":false},"author":1,"featured_media":0,"parent":0,"menu_order":0,"comment_status":"closed","ping_status":"closed","template":"","meta":{"_et_pb_use_builder":"on","_et_pb_old_content":"","_et_gb_content_width":"","ngg_post_thumbnail":0,"footnotes":""},"class_list":["post-327","page","type-page","status-publish","hentry"],"aioseo_notices":[],"_links":{"self":[{"href":"https:\/\/bioresonanca-movita.si\/it\/wp-json\/wp\/v2\/pages\/327","targetHints":{"allow":["GET"]}}],"collection":[{"href":"https:\/\/bioresonanca-movita.si\/it\/wp-json\/wp\/v2\/pages"}],"about":[{"href":"https:\/\/bioresonanca-movita.si\/it\/wp-json\/wp\/v2\/types\/page"}],"author":[{"embeddable":true,"href":"https:\/\/bioresonanca-movita.si\/it\/wp-json\/wp\/v2\/users\/1"}],"replies":[{"embeddable":true,"href":"https:\/\/bioresonanca-movita.si\/it\/wp-json\/wp\/v2\/comments?post=327"}],"version-history":[{"count":2,"href":"https:\/\/bioresonanca-movita.si\/it\/wp-json\/wp\/v2\/pages\/327\/revisions"}],"predecessor-version":[{"id":495,"href":"https:\/\/bioresonanca-movita.si\/it\/wp-json\/wp\/v2\/pages\/327\/revisions\/495"}],"wp:attachment":[{"href":"https:\/\/bioresonanca-movita.si\/it\/wp-json\/wp\/v2\/media?parent=327"}],"curies":[{"name":"wp","href":"https:\/\/api.w.org\/{rel}","templated":true}]}}