{"id":329,"date":"2016-07-19T17:02:18","date_gmt":"2016-07-19T16:02:18","guid":{"rendered":"http:\/\/bioresonanca-movita.si\/?page_id=329&#038;lang=it"},"modified":"2022-08-07T09:55:05","modified_gmt":"2022-08-07T08:55:05","slug":"perdita-di-peso-con-la-biorisonanza","status":"publish","type":"page","link":"https:\/\/bioresonanca-movita.si\/it\/perdita-di-peso-con-la-biorisonanza\/","title":{"rendered":"Perdita di peso con la biorisonanza"},"content":{"rendered":"<p>[et_pb_section fb_built=&#8221;1&#8243; fullwidth=&#8221;on&#8221; admin_label=&#8221;Section&#8221; _builder_version=&#8221;4.16&#8243; global_colors_info=&#8221;{}&#8221;][et_pb_fullwidth_code admin_label=&#8221;Fullwidth Code&#8221; _builder_version=&#8221;4.17.6&#8243; hover_enabled=&#8221;0&#8243; global_colors_info=&#8221;{}&#8221; sticky_enabled=&#8221;0&#8243;]<\/p>\n<div style=\"width:100%; height:25px; background: #0094ce; background: -moz-linear-gradient(left, #0094ce 0%, #00b4d3 35%, #c9f2fc 50%, #00b4d3 65%, #0094ce 100%); background: -webkit-linear-gradient(left, #0094ce 0%,#00b4d3 35%,#c9f2fc 50%,#00b4d3 65%,#0094ce 100%); background: linear-gradient(to right, #0094ce 0%,#00b4d3 35%,#c9f2fc 50%,#00b4d3 65%,#0094ce 100%); filter: progid:DXImageTransform.Microsoft.gradient( startColorstr='#0094ce', endColorstr='#0094ce',GradientType=1 ); \"><\/div>\n<p>[\/et_pb_fullwidth_code][\/et_pb_section][et_pb_section fb_built=&#8221;1&#8243; custom_padding_last_edited=&#8221;on|desktop&#8221; admin_label=&#8221;section&#8221; _builder_version=&#8221;4.16&#8243; background_color=&#8221;#ffffff&#8221; custom_padding=&#8221;0px|0px|0px|0px&#8221; custom_padding_tablet=&#8221;50px|0|50px|0&#8243; transparent_background=&#8221;off&#8221; padding_mobile=&#8221;off&#8221; make_fullwidth=&#8221;off&#8221; use_custom_width=&#8221;off&#8221; width_unit=&#8221;on&#8221; global_colors_info=&#8221;{}&#8221; custom_padding_phone=&#8221;50px|0|50px|0&#8243;][et_pb_row admin_label=&#8221;row&#8221; _builder_version=&#8221;4.16&#8243; background_size=&#8221;initial&#8221; background_position=&#8221;top_left&#8221; background_repeat=&#8221;repeat&#8221; global_colors_info=&#8221;{}&#8221;][et_pb_column type=&#8221;4_4&#8243; _builder_version=&#8221;4.16&#8243; custom_padding=&#8221;|||&#8221; global_colors_info=&#8221;{}&#8221; custom_padding__hover=&#8221;|||&#8221;][et_pb_post_title meta=&#8221;off&#8221; featured_image=&#8221;off&#8221; admin_label=&#8221;Post Title&#8221; _builder_version=&#8221;4.16&#8243; title_text_color=&#8221;#0094ce&#8221; title_font_size=&#8221;32px&#8221; title_all_caps=&#8221;off&#8221; background_color=&#8221;rgba(255,255,255,0)&#8221; parallax=&#8221;on&#8221; parallax_method=&#8221;off&#8221; parallax_effect=&#8221;on&#8221; module_bg_color=&#8221;rgba(255,255,255,0)&#8221; use_border_color=&#8221;off&#8221; border_color=&#8221;#ffffff&#8221; border_style=&#8221;solid&#8221; global_colors_info=&#8221;{}&#8221;] [\/et_pb_post_title][et_pb_text admin_label=&#8221;Text&#8221; _builder_version=&#8221;4.16&#8243; background_size=&#8221;initial&#8221; background_position=&#8221;top_left&#8221; background_repeat=&#8221;repeat&#8221; use_border_color=&#8221;off&#8221; border_color=&#8221;#ffffff&#8221; border_style=&#8221;solid&#8221; global_colors_info=&#8221;{}&#8221;]Hai gi\u00e0 provato numerose diete con la riduzione delle calorie o persino soffrendo la fame, ma appena hai ripreso a mangiare normalmente i chilogrammi sono tornati e al termine della dieta pesavi ancora pi\u00f9 di prima?<\/p>\n<p>\u00c8 normale. Se il corpo soffre di fame, agisce risparmiando l\u2019energia. Ci\u00f2 significa che il corpo riduce il suo metabolismo e di conseguenza brucia meno calorie. Se questo succede ripetitivamente, il corpo non aumenta pi\u00f9 il proprio metabolismo quando mangi normalmente. Questo fenomeno si chiama l\u2019effetto yo-yo e pu\u00f2 causare persino un vero e proprio blocco nel metabolismo. In questo caso, nonostante le diete e la riduzione delle calorie, non perdi il peso.<\/p>\n<p>Il metabolismo regola il nostro sistema ormonale. L&#8217;obiettivo del metodo di biorisonanza nella perdita di peso \u00e8 stimolare il metabolismo, rimuovere i blocchi nel metabolismo, avere un effetto benefico sul sistema ormonale e ridurre il desiderio del cibo &#8211; senza il malessere e la stanchezza. Con un ridotto desiderio del cibo \u00e8 pi\u00f9 facile cambiare le abitudini alimentari. In ogni caso, non si deve soffrire la fame. Per abbattere il grasso accumulato, il corpo ha bisogno di energia. Se non ottiene abbastanza cibo, questa energia non ne ha. \u00c8 importante mangiare correttamente e in quantit\u00e0 adatte.<\/p>\n<p>La perdita di peso si svolge attraverso la stimolazione dei punti di agopuntura sull&#8217;orecchio, il che regola e attiva il metabolismo, rimuove i blocchi energetici, influisce sull&#8217;equilibrio ormonale e sulla disintossicazione del corpo, attivando cos\u00ec la vitalit\u00e0 e riducendo il desiderio di cibo e le frustrazioni.<\/p>\n<p>In questo modo ridurrai il peso in maniera sana, passo dopo passo, fino a raggiungere il peso desiderato con cui ti senti bene per poi mantenerlo.<\/p>\n<p>Anche se una volta mangerai \u201cnon intelligente\u201d (spero almeno con piacere) e ti concederai consapevolmente una giornata di \u201cdolce far niente\u201d, va bene lo stesso. Non rimpiangerlo, ma sii \u201cintelligente\u201d subito il giorno dopo.<\/p>\n<p>Vedrai come con ogni chilogrammo perso aumenter\u00e0 il tuo benessere.<br \/>\n[\/et_pb_text][\/et_pb_column][\/et_pb_row][\/et_pb_section]<\/p>\n","protected":false},"excerpt":{"rendered":"<p>Hai gi\u00e0 provato numerose diete con la riduzione delle calorie o persino soffrendo la fame, ma appena hai ripreso a mangiare normalmente i chilogrammi sono tornati e al termine della dieta pesavi ancora pi\u00f9 di prima? \u00c8 normale. Se il corpo soffre di fame, agisce risparmiando l\u2019energia. Ci\u00f2 significa che il corpo riduce il suo [&hellip;]<\/p>\n","protected":false},"author":1,"featured_media":0,"parent":0,"menu_order":0,"comment_status":"closed","ping_status":"closed","template":"","meta":{"_et_pb_use_builder":"on","_et_pb_old_content":"<p>Morda ste preizkusili \u017ee \u0161tevilne diete z zmanj\u0161evanjem kalorij ali celo stradali ter pri tem opazili, da ste se takoj, ko ste spet normalno jedli, ponovno zredili, ali ob koncu diete tehtali celo ve\u010d kot pred dieto?<\/p><p>To je razumljivo. \u010ce telo izstradate, to deluje var\u010devalno. To pomeni, da telo zmanj\u0161a svoj metabolizem, zmanj\u0161a presnavljanje \u2013 izgoreva manj kalorij. \u010ce to po\u010dnete ve\u010dkrat, telo sploh ne pove\u010da ve\u010d svojega metabolizma, ko spet normalno jeste. Pride do jo-jo efekta. Povzro\u010di lahko celo prave blokade v presnavljanju. V tem primeru kljub dietam in zmanj\u0161evanju kalorij ne shuj\u0161ate.<\/p><p>Presnavljanje uravnava na\u0161 hormonalni sistem. Cilj bioresonan\u010dne metode pri zmanj\u0161evanju telesne te\u017ee je spodbujanje presnavljanja, odstranjevanje blokad v presnavljanju, ugodno vplivati na hormonalni sistem ter zmanj\u0161ati \u017eeljo po hrani \u2013 brez slabega po\u010dutja in utrujenosti.<\/p><p>Z zmanj\u0161ano \u017eeljo po hrani je la\u017ee spremeniti prehranjevalne navade. Nikakor pa ne smete stradati. Telo za razgrajevanje uskladi\u0161\u010denih ma\u0161\u010dob potrebuje energijo. \u010ce ne dobi dovolj hrane, te energije nima. Pomembno je, da jeste pravilno in v pametnih merah.<\/p><p>Huj\u0161anje poteka preko stimulacije akupunkturnih to\u010dk na u\u0161esu, kar uravna in aktivira presnovo, odstrani energetske blokade, vpliva na hormonsko ravnovesje, razstrupljanje telesa, aktiviranje vitalnosti in zmanj\u0161evanje \u017eelje po hrani ter frustracij.<\/p><p>Tako boste na zdrav na\u010din korak za korakom zmanj\u0161evali te\u017eo, dokler ne dose\u017eete \u017eelene te\u017ee, pri kateri se dobro po\u010dutite in ki jo nato tudi vzdr\u017eujete.<\/p><p>In \u010de boste enkrat jedli \u00bbnespametno\u00ab (upam, da vsaj z u\u017eitkom) in si zavestno privo\u0161\u010dili dan lenarjenja, je tudi v redu. Naj vam ne bo \u017eal, a bodite naslednji dan takoj spet \u00bbpametni\u00ab.<\/p><p>Videli boste kako se bo z vsakim izgubljenim kilogramom stopnjevalo va\u0161e dobro po\u010dutje.<\/p>","_et_gb_content_width":"","ngg_post_thumbnail":0,"footnotes":""},"class_list":["post-329","page","type-page","status-publish","hentry"],"aioseo_notices":[],"_links":{"self":[{"href":"https:\/\/bioresonanca-movita.si\/it\/wp-json\/wp\/v2\/pages\/329","targetHints":{"allow":["GET"]}}],"collection":[{"href":"https:\/\/bioresonanca-movita.si\/it\/wp-json\/wp\/v2\/pages"}],"about":[{"href":"https:\/\/bioresonanca-movita.si\/it\/wp-json\/wp\/v2\/types\/page"}],"author":[{"embeddable":true,"href":"https:\/\/bioresonanca-movita.si\/it\/wp-json\/wp\/v2\/users\/1"}],"replies":[{"embeddable":true,"href":"https:\/\/bioresonanca-movita.si\/it\/wp-json\/wp\/v2\/comments?post=329"}],"version-history":[{"count":4,"href":"https:\/\/bioresonanca-movita.si\/it\/wp-json\/wp\/v2\/pages\/329\/revisions"}],"predecessor-version":[{"id":491,"href":"https:\/\/bioresonanca-movita.si\/it\/wp-json\/wp\/v2\/pages\/329\/revisions\/491"}],"wp:attachment":[{"href":"https:\/\/bioresonanca-movita.si\/it\/wp-json\/wp\/v2\/media?parent=329"}],"curies":[{"name":"wp","href":"https:\/\/api.w.org\/{rel}","templated":true}]}}