{"id":333,"date":"2016-07-19T17:06:22","date_gmt":"2016-07-19T16:06:22","guid":{"rendered":"http:\/\/bioresonanca-movita.si\/?page_id=333&#038;lang=it"},"modified":"2022-08-07T09:53:23","modified_gmt":"2022-08-07T08:53:23","slug":"consigli-alimentari","status":"publish","type":"page","link":"https:\/\/bioresonanca-movita.si\/it\/consigli-alimentari\/","title":{"rendered":"Consigli alimentari"},"content":{"rendered":"<p>[et_pb_section fb_built=&#8221;1&#8243; fullwidth=&#8221;on&#8221; admin_label=&#8221;Section&#8221; _builder_version=&#8221;4.16&#8243; global_colors_info=&#8221;{}&#8221;][et_pb_fullwidth_code admin_label=&#8221;Fullwidth Code&#8221; _builder_version=&#8221;4.17.6&#8243; hover_enabled=&#8221;0&#8243; global_colors_info=&#8221;{}&#8221; sticky_enabled=&#8221;0&#8243;]<\/p>\n<div style=\"width:100%; height:25px; background: #0094ce; background: -moz-linear-gradient(left, #0094ce 0%, #00b4d3 35%, #c9f2fc 50%, #00b4d3 65%, #0094ce 100%); background: -webkit-linear-gradient(left, #0094ce 0%,#00b4d3 35%,#c9f2fc 50%,#00b4d3 65%,#0094ce 100%); background: linear-gradient(to right, #0094ce 0%,#00b4d3 35%,#c9f2fc 50%,#00b4d3 65%,#0094ce 100%); filter: progid:DXImageTransform.Microsoft.gradient( startColorstr='#0094ce', endColorstr='#0094ce',GradientType=1 ); \"><\/div>\n<p>[\/et_pb_fullwidth_code][\/et_pb_section][et_pb_section fb_built=&#8221;1&#8243; custom_padding_last_edited=&#8221;on|desktop&#8221; admin_label=&#8221;section&#8221; _builder_version=&#8221;4.16&#8243; background_color=&#8221;#ffffff&#8221; custom_padding=&#8221;0px|0px|0px|0px&#8221; custom_padding_tablet=&#8221;50px|0|50px|0&#8243; transparent_background=&#8221;off&#8221; padding_mobile=&#8221;off&#8221; make_fullwidth=&#8221;off&#8221; use_custom_width=&#8221;off&#8221; width_unit=&#8221;on&#8221; global_colors_info=&#8221;{}&#8221; custom_padding_phone=&#8221;50px|0|50px|0&#8243;][et_pb_row admin_label=&#8221;row&#8221; _builder_version=&#8221;4.16&#8243; background_size=&#8221;initial&#8221; background_position=&#8221;top_left&#8221; background_repeat=&#8221;repeat&#8221; global_colors_info=&#8221;{}&#8221;][et_pb_column type=&#8221;4_4&#8243; _builder_version=&#8221;4.16&#8243; custom_padding=&#8221;|||&#8221; global_colors_info=&#8221;{}&#8221; custom_padding__hover=&#8221;|||&#8221;][et_pb_post_title meta=&#8221;off&#8221; featured_image=&#8221;off&#8221; admin_label=&#8221;Post Title&#8221; _builder_version=&#8221;4.16&#8243; title_text_color=&#8221;#0094ce&#8221; title_font_size=&#8221;32px&#8221; title_all_caps=&#8221;off&#8221; background_color=&#8221;rgba(255,255,255,0)&#8221; parallax=&#8221;on&#8221; parallax_method=&#8221;off&#8221; parallax_effect=&#8221;on&#8221; module_bg_color=&#8221;rgba(255,255,255,0)&#8221; use_border_color=&#8221;off&#8221; border_color=&#8221;#ffffff&#8221; border_style=&#8221;solid&#8221; global_colors_info=&#8221;{}&#8221;] [\/et_pb_post_title][et_pb_text admin_label=&#8221;Text&#8221; _builder_version=&#8221;4.16&#8243; background_size=&#8221;initial&#8221; background_position=&#8221;top_left&#8221; background_repeat=&#8221;repeat&#8221; use_border_color=&#8221;off&#8221; border_color=&#8221;#ffffff&#8221; border_style=&#8221;solid&#8221; global_colors_info=&#8221;{}&#8221;]<strong>Istruzioni terapeutiche secondo il dott. Med. P. Schumacher.<\/strong><\/p>\n<h2>FUNGHI INTESTINALI<\/h2>\n<p>I problemi causati da funghi nel sistema digestivo sono principalmente attribuibili ad un gruppo di funghi chiamati LIEVITI. Come tutti i funghi anche i lieviti hanno bisogno di una fonte organica di carboidrati per la loro esistenza, poich\u00e9 non sono in grado di sintetizzare carboidrati da anidride carbonica e acqua. Una fonte importante e facilmente accessibile di carbonio organico sono tutti i zuccheri semplici come il glucosio, fruttosio, zucchero di canna, malto, zucchero di barbabietole etc. Pi\u00f9 zucchero che hanno a disposizione i funghi, meglio crescono. In una sola notte il loro numero pu\u00f2 raddoppiare. Pertanto, \u00e8 necessario decidere su una rigorosa dieta priva di zuccheri come: cioccolato, dolci, miele, bevande dolci, frutta dolce, composte di frutta, marmellate, ecc.<\/p>\n<p>Oltre ad evitare gli alimenti con zucchero \u00e8 importante anche rimuovere meccanicamente i funghi dall&#8217;intestino tenue e dal colon. \u00c8 inoltre buono aggiungere le fibre (verdure) pi\u00f9 volte al giorno. Oltre a una corretta alimentazione \u00e8 essenziale anche un\u2019adeguata igiene. Tutti gli sforzi con le diete contro i funghi e i farmaci non aiutano se il cavo orale \u00e8 un \u201cserbatoio\u201d di funghi (carie, tartaro, tasche gengivali non pulite, ecc.). Per iniziare, la terapia antifungina dovrebbe comportare almeno la sostituzione di spazzolino da denti.<\/p>\n<p>Segue una dieta basata sulle scoperte del prof. dott. Rieth. La durata della dieta dipende dall\u2019estensione dell\u2019insediamento dei funghi. Di regola una dieta rigorosa dura per tutta la durata della terapia antifungina. In seguito si consumano gli alimenti con meno zuccheri per alcune settimane.<\/p>\n<h2>REGOLE DI ALIMENTAZIONE PER COMBATTERE I FUNGHI INTESTINALI<\/h2>\n<p>Per la durata del trattamento \u00e8 <strong>severamente vietato<\/strong> consumare:<\/p>\n<ul>\n<li>tutti i tipi di zuccheri naturali (zucchero di canna, di barbabietola, di uva, di frutta)<\/li>\n<li>miele, tutti i tipi di caramelle, cioccolato<\/li>\n<li>tutti i dolci e pasticcini che contengono zucchero<\/li>\n<li>frutta dolce (uva, arance, susine, pesche &#8230;)<\/li>\n<li>frutta secca (fichi, datteri, albicocche, frutta candita)<\/li>\n<li>succhi di frutta, cola-cola e altre bibite gassate, t\u00e8 freddo e altre bevande dolci, tra cui acqua aromatizzata<\/li>\n<li>tutti i tipi di bevande alcoliche<\/li>\n<li>tutti i prodotti a base di farina bianca (pasta, pasta sfoglia, pasticcini)<\/li>\n<li>noci, mandorle, nocciole, arachidi (per rischio di nuove infezioni da funghi)<\/li>\n<li>carne di maiale e tutti i tipi di carne fritta<\/li>\n<li>muesli con aggiunta di zuccheri, miele e cioccolato<\/li>\n<\/ul>\n<p>Per la durata del trattamento \u00e8 <strong>consentito<\/strong><strong>\u00a0<\/strong>consumare:<\/p>\n<ul>\n<li>pane di farro (secondo la ricetta), pane di grano saraceno, pane di mais senza l&#8217;aggiunta di farina bianca<\/li>\n<li>carne e salsicce (eccetto maiale)<\/li>\n<li>pesce e uova<\/li>\n<li>patate e tutti gli altri tipi di verdure<\/li>\n<li>tutti i tipi di lattuga e insalata a foglie, spinaci, pomodoro, cetrioli, radicchio<\/li>\n<li>piccole quantit\u00e0 di riso<\/li>\n<li>crauti, aglio, cipolla, cavolo, cavolo verza<\/li>\n<li>latte, formaggi, prodotti lattiero-caseari non zuccherati (prodotti acidi), burro<\/li>\n<li>frutta acida: limone, pompelmo, kiwi, ananas, una mela acida al giorno<\/li>\n<li>frutta cotta acida \u2013 non zuccherata<\/li>\n<li>caff\u00e8 e t\u00e8 senza zucchero naturale<\/li>\n<li>acqua minerale<\/li>\n<li>sale e spezie, possibilmente sale cristallino<\/li>\n<\/ul>\n<p>Se si \u00e8 in trattamento anche per le allergie alimentari bisogna eliminare dalla lista degli alimenti consentiti anche gli alimenti a cui si \u00e8 allergici.<br \/>\n[\/et_pb_text][\/et_pb_column][\/et_pb_row][\/et_pb_section]<\/p>\n","protected":false},"excerpt":{"rendered":"<p>Istruzioni terapeutiche secondo il dott. Med. P. Schumacher. FUNGHI INTESTINALI I problemi causati da funghi nel sistema digestivo sono principalmente attribuibili ad un gruppo di funghi chiamati LIEVITI. Come tutti i funghi anche i lieviti hanno bisogno di una fonte organica di carboidrati per la loro esistenza, poich\u00e9 non sono in grado di sintetizzare carboidrati [&hellip;]<\/p>\n","protected":false},"author":1,"featured_media":0,"parent":0,"menu_order":0,"comment_status":"closed","ping_status":"closed","template":"","meta":{"_et_pb_use_builder":"on","_et_pb_old_content":"","_et_gb_content_width":"","ngg_post_thumbnail":0,"footnotes":""},"class_list":["post-333","page","type-page","status-publish","hentry"],"aioseo_notices":[],"_links":{"self":[{"href":"https:\/\/bioresonanca-movita.si\/it\/wp-json\/wp\/v2\/pages\/333","targetHints":{"allow":["GET"]}}],"collection":[{"href":"https:\/\/bioresonanca-movita.si\/it\/wp-json\/wp\/v2\/pages"}],"about":[{"href":"https:\/\/bioresonanca-movita.si\/it\/wp-json\/wp\/v2\/types\/page"}],"author":[{"embeddable":true,"href":"https:\/\/bioresonanca-movita.si\/it\/wp-json\/wp\/v2\/users\/1"}],"replies":[{"embeddable":true,"href":"https:\/\/bioresonanca-movita.si\/it\/wp-json\/wp\/v2\/comments?post=333"}],"version-history":[{"count":3,"href":"https:\/\/bioresonanca-movita.si\/it\/wp-json\/wp\/v2\/pages\/333\/revisions"}],"predecessor-version":[{"id":480,"href":"https:\/\/bioresonanca-movita.si\/it\/wp-json\/wp\/v2\/pages\/333\/revisions\/480"}],"wp:attachment":[{"href":"https:\/\/bioresonanca-movita.si\/it\/wp-json\/wp\/v2\/media?parent=333"}],"curies":[{"name":"wp","href":"https:\/\/api.w.org\/{rel}","templated":true}]}}