{"id":335,"date":"2016-07-19T17:09:10","date_gmt":"2016-07-19T16:09:10","guid":{"rendered":"http:\/\/bioresonanca-movita.si\/?page_id=335&#038;lang=it"},"modified":"2022-08-07T09:52:52","modified_gmt":"2022-08-07T08:52:52","slug":"allergie","status":"publish","type":"page","link":"https:\/\/bioresonanca-movita.si\/it\/allergie\/","title":{"rendered":"Allergie"},"content":{"rendered":"<p>[et_pb_section fb_built=&#8221;1&#8243; fullwidth=&#8221;on&#8221; admin_label=&#8221;Section&#8221; _builder_version=&#8221;4.16&#8243; global_colors_info=&#8221;{}&#8221;][et_pb_fullwidth_code admin_label=&#8221;Fullwidth Code&#8221; _builder_version=&#8221;4.17.6&#8243; hover_enabled=&#8221;0&#8243; global_colors_info=&#8221;{}&#8221; sticky_enabled=&#8221;0&#8243;]<\/p>\n<div style=\"width:100%; height:25px; background: #0094ce; background: -moz-linear-gradient(left, #0094ce 0%, #00b4d3 35%, #c9f2fc 50%, #00b4d3 65%, #0094ce 100%); background: -webkit-linear-gradient(left, #0094ce 0%,#00b4d3 35%,#c9f2fc 50%,#00b4d3 65%,#0094ce 100%); background: linear-gradient(to right, #0094ce 0%,#00b4d3 35%,#c9f2fc 50%,#00b4d3 65%,#0094ce 100%); filter: progid:DXImageTransform.Microsoft.gradient( startColorstr='#0094ce', endColorstr='#0094ce',GradientType=1 ); \"><\/div>\n<p>[\/et_pb_fullwidth_code][\/et_pb_section][et_pb_section fb_built=&#8221;1&#8243; custom_padding_last_edited=&#8221;on|desktop&#8221; admin_label=&#8221;section&#8221; _builder_version=&#8221;4.16&#8243; background_color=&#8221;#ffffff&#8221; custom_padding=&#8221;0px|0px|0px|0px&#8221; custom_padding_tablet=&#8221;50px|0|50px|0&#8243; transparent_background=&#8221;off&#8221; padding_mobile=&#8221;off&#8221; make_fullwidth=&#8221;off&#8221; use_custom_width=&#8221;off&#8221; width_unit=&#8221;on&#8221; global_colors_info=&#8221;{}&#8221; custom_padding_phone=&#8221;50px|0|50px|0&#8243;][et_pb_row admin_label=&#8221;row&#8221; _builder_version=&#8221;4.16&#8243; background_size=&#8221;initial&#8221; background_position=&#8221;top_left&#8221; background_repeat=&#8221;repeat&#8221; global_colors_info=&#8221;{}&#8221;][et_pb_column type=&#8221;4_4&#8243; _builder_version=&#8221;4.16&#8243; custom_padding=&#8221;|||&#8221; global_colors_info=&#8221;{}&#8221; custom_padding__hover=&#8221;|||&#8221;][et_pb_post_title meta=&#8221;off&#8221; featured_image=&#8221;off&#8221; admin_label=&#8221;Post Title&#8221; _builder_version=&#8221;4.16&#8243; title_text_color=&#8221;#0094ce&#8221; title_font_size=&#8221;32px&#8221; title_all_caps=&#8221;off&#8221; background_color=&#8221;rgba(255,255,255,0)&#8221; parallax=&#8221;on&#8221; parallax_method=&#8221;off&#8221; use_border_color=&#8221;off&#8221; border_color=&#8221;#ffffff&#8221; border_style=&#8221;solid&#8221; parallax_effect=&#8221;on&#8221; module_bg_color=&#8221;rgba(255,255,255,0)&#8221; global_colors_info=&#8221;{}&#8221;][\/et_pb_post_title][et_pb_text admin_label=&#8221;Text&#8221; _builder_version=&#8221;4.16&#8243; background_size=&#8221;initial&#8221; background_position=&#8221;top_left&#8221; background_repeat=&#8221;repeat&#8221; use_border_color=&#8221;off&#8221; border_color=&#8221;#ffffff&#8221; border_style=&#8221;solid&#8221; global_colors_info=&#8221;{}&#8221;]L\u2019allergia \u00e8 una reazione diversa del corpo ad una sostanza per la quale si \u00e8 verificata una sensibilizzazione. Ci\u00f2 significa che uno o pi\u00f9 contatti con l&#8217;allergene ha provocato una risposta immunitaria del corpo che si manifesta sotto forma di prurito irritante, bruciore agli occhi, eruzioni cutanee, starnuti, ecc.<\/p>\n<p>L\u2019allergia \u00e8 una risposta del sistema immunitario a sostanze come il polline, peli di animali e alimenti che normalmente non sono nocive per il nostro corpo.<\/p>\n<p>L\u2019obiettivo positivo del trattamento delle allergie con il metodo di biorisonanza \u00e8 quello di eliminare i problemi di funzionamento del sistema immunitario e stabilire uno stato immunitario sano. Una delle condizioni per il successo del trattamento di allergie \u00e8 anche quella di stabilire il funzionamento del sistema linfatico e intestinale. La terapia contro le allergie \u00e8 efficace in pi\u00f9 dell\u201980 % dei casi.<\/p>\n<p>Con l&#8217;aiuto dell\u2019apparecchio di biorisonanza BICOM vengono introdotte nel corpo tramite gli elettrodi le oscillazioni elettromagnetiche di allergene invertite\/rispecchiate sotto forma di oscillazioni terapeutiche. Il corpo entra in equilibrio, perci\u00f2 ad un nuovo contatto con l\u2019allergene non risponde pi\u00f9 con reazioni allergiche. Per la durata della terapia \u00e8 necessario evitare l&#8217;allergene.<br \/>\n[\/et_pb_text][\/et_pb_column][\/et_pb_row][\/et_pb_section]<\/p>\n","protected":false},"excerpt":{"rendered":"<p>L\u2019allergia \u00e8 una reazione diversa del corpo ad una sostanza per la quale si \u00e8 verificata una sensibilizzazione. Ci\u00f2 significa che uno o pi\u00f9 contatti con l&#8217;allergene ha provocato una risposta immunitaria del corpo che si manifesta sotto forma di prurito irritante, bruciore agli occhi, eruzioni cutanee, starnuti, ecc. L\u2019allergia \u00e8 una risposta del sistema [&hellip;]<\/p>\n","protected":false},"author":1,"featured_media":0,"parent":0,"menu_order":0,"comment_status":"closed","ping_status":"closed","template":"","meta":{"_et_pb_use_builder":"on","_et_pb_old_content":"","_et_gb_content_width":"","ngg_post_thumbnail":0,"footnotes":""},"class_list":["post-335","page","type-page","status-publish","hentry"],"aioseo_notices":[],"_links":{"self":[{"href":"https:\/\/bioresonanca-movita.si\/it\/wp-json\/wp\/v2\/pages\/335","targetHints":{"allow":["GET"]}}],"collection":[{"href":"https:\/\/bioresonanca-movita.si\/it\/wp-json\/wp\/v2\/pages"}],"about":[{"href":"https:\/\/bioresonanca-movita.si\/it\/wp-json\/wp\/v2\/types\/page"}],"author":[{"embeddable":true,"href":"https:\/\/bioresonanca-movita.si\/it\/wp-json\/wp\/v2\/users\/1"}],"replies":[{"embeddable":true,"href":"https:\/\/bioresonanca-movita.si\/it\/wp-json\/wp\/v2\/comments?post=335"}],"version-history":[{"count":2,"href":"https:\/\/bioresonanca-movita.si\/it\/wp-json\/wp\/v2\/pages\/335\/revisions"}],"predecessor-version":[{"id":476,"href":"https:\/\/bioresonanca-movita.si\/it\/wp-json\/wp\/v2\/pages\/335\/revisions\/476"}],"wp:attachment":[{"href":"https:\/\/bioresonanca-movita.si\/it\/wp-json\/wp\/v2\/media?parent=335"}],"curies":[{"name":"wp","href":"https:\/\/api.w.org\/{rel}","templated":true}]}}