{"id":354,"date":"2016-07-19T17:19:52","date_gmt":"2016-07-19T16:19:52","guid":{"rendered":"http:\/\/bioresonanca-movita.si\/?page_id=354&#038;lang=it"},"modified":"2022-08-07T09:54:33","modified_gmt":"2022-08-07T08:54:33","slug":"in-quali-casi-aiuta-la-biorisonanza","status":"publish","type":"page","link":"https:\/\/bioresonanca-movita.si\/it\/in-quali-casi-aiuta-la-biorisonanza\/","title":{"rendered":"In quali casi aiuta la biorisonanza?"},"content":{"rendered":"<p>[et_pb_section fb_built=&#8221;1&#8243; fullwidth=&#8221;on&#8221; admin_label=&#8221;Section&#8221; _builder_version=&#8221;4.16&#8243; global_colors_info=&#8221;{}&#8221;][et_pb_fullwidth_code admin_label=&#8221;Fullwidth Code&#8221; _builder_version=&#8221;4.17.6&#8243; hover_enabled=&#8221;0&#8243; global_colors_info=&#8221;{}&#8221; sticky_enabled=&#8221;0&#8243;]<\/p>\n<div style=\"width:100%; height:25px; background: #0094ce; background: -moz-linear-gradient(left, #0094ce 0%, #00b4d3 35%, #c9f2fc 50%, #00b4d3 65%, #0094ce 100%); background: -webkit-linear-gradient(left, #0094ce 0%,#00b4d3 35%,#c9f2fc 50%,#00b4d3 65%,#0094ce 100%); background: linear-gradient(to right, #0094ce 0%,#00b4d3 35%,#c9f2fc 50%,#00b4d3 65%,#0094ce 100%); filter: progid:DXImageTransform.Microsoft.gradient( startColorstr='#0094ce', endColorstr='#0094ce',GradientType=1 ); \"><\/div>\n<p>[\/et_pb_fullwidth_code][\/et_pb_section][et_pb_section fb_built=&#8221;1&#8243; custom_padding_last_edited=&#8221;on|desktop&#8221; admin_label=&#8221;section&#8221; _builder_version=&#8221;4.16&#8243; background_color=&#8221;#ffffff&#8221; custom_padding=&#8221;0px|0px|0px|0px&#8221; custom_padding_tablet=&#8221;50px|0|50px|0&#8243; transparent_background=&#8221;off&#8221; padding_mobile=&#8221;off&#8221; make_fullwidth=&#8221;off&#8221; use_custom_width=&#8221;off&#8221; width_unit=&#8221;on&#8221; global_colors_info=&#8221;{}&#8221; custom_padding_phone=&#8221;50px|0|50px|0&#8243;][et_pb_row admin_label=&#8221;row&#8221; _builder_version=&#8221;4.16&#8243; background_size=&#8221;initial&#8221; background_position=&#8221;top_left&#8221; background_repeat=&#8221;repeat&#8221; global_colors_info=&#8221;{}&#8221;][et_pb_column type=&#8221;4_4&#8243; _builder_version=&#8221;4.16&#8243; custom_padding=&#8221;|||&#8221; global_colors_info=&#8221;{}&#8221; custom_padding__hover=&#8221;|||&#8221;][et_pb_post_title meta=&#8221;off&#8221; featured_image=&#8221;off&#8221; admin_label=&#8221;Post Title&#8221; _builder_version=&#8221;4.16&#8243; title_text_color=&#8221;#0094ce&#8221; title_font_size=&#8221;32px&#8221; title_all_caps=&#8221;off&#8221; background_color=&#8221;rgba(255,255,255,0)&#8221; parallax=&#8221;on&#8221; parallax_method=&#8221;off&#8221; parallax_effect=&#8221;on&#8221; module_bg_color=&#8221;rgba(255,255,255,0)&#8221; use_border_color=&#8221;off&#8221; border_color=&#8221;#ffffff&#8221; border_style=&#8221;solid&#8221; global_colors_info=&#8221;{}&#8221;] [\/et_pb_post_title][et_pb_text admin_label=&#8221;Text&#8221; _builder_version=&#8221;4.16&#8243; background_size=&#8221;initial&#8221; background_position=&#8221;top_left&#8221; background_repeat=&#8221;repeat&#8221; use_border_color=&#8221;off&#8221; border_color=&#8221;#ffffff&#8221; border_style=&#8221;solid&#8221; global_colors_info=&#8221;{}&#8221;]&nbsp;<\/p>\n<ul>\n<li>tutti i tipi di allergie<\/li>\n<li>sintomi di dolore e lesioni sportive<\/li>\n<li>malattie dell\u2019apparato digerente e delle vie urinarie<\/li>\n<li>dolori alle articolazioni, ai muscoli e alla colonna vertebrale<\/li>\n<li>raffreddori acuti<\/li>\n<li>stanchezza cronica, stress, depressione<\/li>\n<li>debolezza del sistema immunitario<\/li>\n<li>infezioni virali, batteriche, fungine, parassitarie<\/li>\n<li>disturbi ormonali<\/li>\n<li>disturbi otorinolaringoiatrici<\/li>\n<li>per sostenere il dimagramento<\/li>\n<li>per aiutare a smettere di fumare<\/li>\n<\/ul>\n<p>[\/et_pb_text][\/et_pb_column][\/et_pb_row][\/et_pb_section]<\/p>\n","protected":false},"excerpt":{"rendered":"<p>&nbsp; tutti i tipi di allergie sintomi di dolore e lesioni sportive malattie dell\u2019apparato digerente e delle vie urinarie dolori alle articolazioni, ai muscoli e alla colonna vertebrale raffreddori acuti stanchezza cronica, stress, depressione debolezza del sistema immunitario infezioni virali, batteriche, fungine, parassitarie disturbi ormonali disturbi otorinolaringoiatrici per sostenere il dimagramento per aiutare a smettere [&hellip;]<\/p>\n","protected":false},"author":1,"featured_media":0,"parent":0,"menu_order":0,"comment_status":"closed","ping_status":"closed","template":"","meta":{"_et_pb_use_builder":"on","_et_pb_old_content":"<p>Ste se odlo\u010dili, da boste prenehali s kajenjem?<\/p><p>Pri va\u0161i odlo\u010ditvi vas popolnoma podpiramo in vam \u017eelimo pomagati s pomo\u010djo bioresonan\u010dne terapije.<\/p><p>Kajenje povzro\u010da sr\u010dno-\u017eilne bolezni, raka na plju\u010dih in grlu. Znano je, da vsebuje cigaretni dim preko 4000 kemi\u010dnih spojin, vklju\u010dujo\u010d preko 50 znanih kancerogenih in metaboli\u010dnih strupov. Le ti se nalagajo v plju\u010dih, prehajajo v kri ter se po krvnem obtoku prenesejo v ostale dele telesa. Omenjene spojine torej ne okvarjajo samo plju\u010d in dihalnega aparata, temve\u010d tako reko\u010d vsako celico \u010dlove\u0161kega telesa.<\/p><p>Odlo\u010ditev, da boste prenehali s kajenjem bo pozitivno vplivala na va\u0161e zdravje, videz, bolj\u0161e po\u010dutje, pa tudi na va\u0161o okolico in ne nazadnje na va\u0161o denarnico. Po prenehanju kajenja se bo va\u0161e zdravstveno stanje izbolj\u0161alo.<\/p><p>Pri terapiji odvajanja od kajenja je seveda potrebno tudi va\u0161e sodelovanje in va\u0161a resna odlo\u010ditev, da prenehate s kajenjem.<\/p><p>Cilj terapije ni samo prenehanje kajenja, temve\u010d tudi razstrupljanje telesa in izlo\u010danje nikotina in ostalih \u0161kodljivih snovi, ki so se nabrale v telesu zaradi kajenja. Telesu je potrebno dati mo\u017enost in \u010das, da se razstrupi in ga pri tem podpreti tako na fizi\u010dni kot psihi\u010dni ravni. Bodite pripravljeni, da bodo verjetno potrebne tri do \u0161tiri terapije, \u010deprav je mo\u017eno, da \u017ee po prvi terapiji ne boste ve\u010d \u010dutili \u017eelje po cigareti.<\/p><p>Kako poteka terapija odvajanja od kajenja?<\/p><p>Pred terapijo samo na pol pokadite va\u0161o zadnjo cigareto. \u010ce ste va\u0161o zadnjo cigareto pokadili doma, morate na terapijo prinesti ogorek in cigaretni pepel, ki ga vstavimo v bioresonan\u010dni aparat. Tako zajamemo va\u0161 frekven\u010dni vzorec in informacijo cigaretnega ogorka in nikotina. Nazaj v telo pa vrnemo informacijo, ki spro\u017ei razstrupljanje telesa, kar odpravi \u017eeljo in potrebo po kajenju. \u010ceprav se po terapiji ne \u010duti ni\u010d posebnega, se u\u010dinek poka\u017ee zelo kmalu. Telo nima ve\u010d informacije nikotina, zato tudi \u017eelje po cigareti ni ve\u010d.<\/p><p>Kaj lahko storite sami?<\/p><p>- Popijte vsaj 2 litra navadne pitne vode, da bo telo la\u017ee izlo\u010dalo strupe in nikotin. \u010ce se po terapiji po\u010dutite slabo, omoti\u010dno ali se potite, je to znak, da se je za\u010del nikotin izlo\u010dati iz telesa. Pomagate mu lahko s pitjem vode.<\/p><p>- Jejte predvsem polnovredno hrano, z nizkim glikemi\u010dnim indeksom (izogibajte se izdelkom, ki vsebujejo belo moko in sladkor), da boste tako zagotavljali \u010dim bolj stabilen nivo sladkorja v krvi. Po zau\u017eitju hrane z visokim glikemi\u010dnim indeksom, pride do pove\u010danega izlo\u010danja inzulina in posledi\u010dno do hitrega padca sladkorja v krvi. To povzro\u010di ob\u010dutek nemo\u010di, tresenja, kar vam lahko vzbudi \u017eeljo po kajenju.<\/p><p>- Pri kadilcih je po navadi ugotovljeno pomanjkanje vitamina C, zato vsaj za nekaj tednov pove\u010dajte odmerke vitamina s pomo\u010djo naravnih dopolnil in prehrane (kivi, limone, pomaran\u010de, paprika).<\/p><p>- Redno preverjajte svojo telesno te\u017eo. Nihanja v telesni te\u017ei med 2-3 kg so \u010disto normalen pojav. \u010ce pa opazite prekomerno pove\u010danje telesne te\u017ee, se vrnite k nam, da preverimo stanje va\u0161ega metabolizma in ga spodbudimo.<\/p><p>Terapija odvajanja od kajenja je namenjena popolnemu prenehanju kajenja in ne le zmanj\u0161evanju \u0161tevila pokajenih cigaret. \u010ce boste po prvi terapiji \u0161e ob\u010dutili \u017eeljo po cigareti, ne odnehaje. Pridite ponovno, da \u0161e oja\u010damo izlo\u010danje nikotina.<\/p><p>Ne preverjajte va\u0161e \u017eelje s kajenjem cigarete!<\/p><p>\u00a0<\/p><p>\u00a0<\/p><p>\u00a0<\/p><p>\u00a0<\/p><p>\u00a0<\/p>","_et_gb_content_width":"","ngg_post_thumbnail":0,"footnotes":""},"class_list":["post-354","page","type-page","status-publish","hentry"],"aioseo_notices":[],"_links":{"self":[{"href":"https:\/\/bioresonanca-movita.si\/it\/wp-json\/wp\/v2\/pages\/354","targetHints":{"allow":["GET"]}}],"collection":[{"href":"https:\/\/bioresonanca-movita.si\/it\/wp-json\/wp\/v2\/pages"}],"about":[{"href":"https:\/\/bioresonanca-movita.si\/it\/wp-json\/wp\/v2\/types\/page"}],"author":[{"embeddable":true,"href":"https:\/\/bioresonanca-movita.si\/it\/wp-json\/wp\/v2\/users\/1"}],"replies":[{"embeddable":true,"href":"https:\/\/bioresonanca-movita.si\/it\/wp-json\/wp\/v2\/comments?post=354"}],"version-history":[{"count":2,"href":"https:\/\/bioresonanca-movita.si\/it\/wp-json\/wp\/v2\/pages\/354\/revisions"}],"predecessor-version":[{"id":489,"href":"https:\/\/bioresonanca-movita.si\/it\/wp-json\/wp\/v2\/pages\/354\/revisions\/489"}],"wp:attachment":[{"href":"https:\/\/bioresonanca-movita.si\/it\/wp-json\/wp\/v2\/media?parent=354"}],"curies":[{"name":"wp","href":"https:\/\/api.w.org\/{rel}","templated":true}]}}